{"id":1480,"date":"2025-01-27T20:09:07","date_gmt":"2025-01-27T20:09:07","guid":{"rendered":"https:\/aviso-legal\/"},"modified":"2025-07-28T08:57:55","modified_gmt":"2025-07-28T08:57:55","slug":"aviso-legal","status":"publish","type":"page","link":"https:\/\/carmevelez.com\/es\/aviso-legal\/","title":{"rendered":"Aviso Legal"},"content":{"rendered":"\t\t<div data-elementor-type=\"wp-page\" data-elementor-id=\"1480\" class=\"elementor elementor-1480 elementor-353\" data-elementor-post-type=\"page\">\n\t\t\t\t<div class=\"elementor-element elementor-element-debe68e e-flex e-con-boxed e-con e-parent\" data-id=\"debe68e\" data-element_type=\"container\" data-e-type=\"container\" data-settings=\"{&quot;background_background&quot;:&quot;gradient&quot;}\">\n\t\t\t\t\t<div class=\"e-con-inner\">\n\t\t\t\t<div class=\"elementor-element elementor-element-fd824a8 elementor-widget elementor-widget-spacer\" data-id=\"fd824a8\" data-element_type=\"widget\" data-e-type=\"widget\" data-widget_type=\"spacer.default\">\n\t\t\t\t<div class=\"elementor-widget-container\">\n\t\t\t\t\t\t\t<div class=\"elementor-spacer\">\n\t\t\t<div class=\"elementor-spacer-inner\"><\/div>\n\t\t<\/div>\n\t\t\t\t\t\t<\/div>\n\t\t\t\t<\/div>\n\t\t\t\t\t<\/div>\n\t\t\t\t<\/div>\n\t\t<div class=\"elementor-element elementor-element-175de52 e-flex e-con-boxed e-con e-parent\" data-id=\"175de52\" data-element_type=\"container\" data-e-type=\"container\" data-settings=\"{&quot;background_background&quot;:&quot;gradient&quot;}\">\n\t\t\t\t\t<div class=\"e-con-inner\">\n\t\t\t\t<div class=\"elementor-element elementor-element-1ba8102 elementor-widget elementor-widget-heading\" data-id=\"1ba8102\" data-element_type=\"widget\" data-e-type=\"widget\" data-widget_type=\"heading.default\">\n\t\t\t\t<div class=\"elementor-widget-container\">\n\t\t\t\t\t<h1 class=\"elementor-heading-title elementor-size-default\">Aviso Legal<\/h1>\t\t\t\t<\/div>\n\t\t\t\t<\/div>\n\t\t\t\t<div class=\"elementor-element elementor-element-6ca6dd2 elementor-widget elementor-widget-heading\" data-id=\"6ca6dd2\" data-element_type=\"widget\" data-e-type=\"widget\" data-widget_type=\"heading.default\">\n\t\t\t\t<div class=\"elementor-widget-container\">\n\t\t\t\t\t<p class=\"elementor-heading-title elementor-size-default\">\u00daltima actualizaci\u00f3n: 25\/11\/2024<\/p>\t\t\t\t<\/div>\n\t\t\t\t<\/div>\n\t\t\t\t<div class=\"elementor-element elementor-element-f97e89f elementor-widget elementor-widget-heading\" data-id=\"f97e89f\" data-element_type=\"widget\" data-e-type=\"widget\" data-widget_type=\"heading.default\">\n\t\t\t\t<div class=\"elementor-widget-container\">\n\t\t\t\t\t<h2 class=\"elementor-heading-title elementor-size-default\">1. Identificaci\u00f3n del titular<\/h2>\t\t\t\t<\/div>\n\t\t\t\t<\/div>\n\t\t\t\t<div class=\"elementor-element elementor-element-9389e4f elementor-widget elementor-widget-text-editor\" data-id=\"9389e4f\" data-element_type=\"widget\" data-e-type=\"widget\" data-widget_type=\"text-editor.default\">\n\t\t\t\t<div class=\"elementor-widget-container\">\n\t\t\t\t\t\t\t\t\t<p><span style=\"font-weight: 400;\">En cumplimiento de lo que establece la Ley 34\/2002, de 11 de julio, de servicios de la sociedad de la informaci\u00f3n y de comercio electr\u00f3nico (LSSICE), se informa que el presente sitio web https:\/\/www.carmevelez.com es propiedad de:<\/span><\/p><p><span style=\"font-weight: 400;\">Titular: Carme V\u00e9lez Casellas<\/span><\/p><p><span style=\"font-weight: 400;\">NIF: 46772916R<\/span><\/p><p><span style=\"font-weight: 400;\">Direcci\u00f3n postal: C\/ Dels Pins n\u00ba5, 17258 Pals, Girona<\/span><\/p><p><span style=\"font-weight: 400;\">Correo electr\u00f3nico: info@carmevelez.com<\/span><\/p><p><span style=\"font-weight: 400;\">Tel\u00e9fono: +34 660 72 88 05<\/span><\/p>\t\t\t\t\t\t\t\t<\/div>\n\t\t\t\t<\/div>\n\t\t\t\t<div class=\"elementor-element elementor-element-d53ebba elementor-widget elementor-widget-heading\" data-id=\"d53ebba\" data-element_type=\"widget\" data-e-type=\"widget\" data-widget_type=\"heading.default\">\n\t\t\t\t<div class=\"elementor-widget-container\">\n\t\t\t\t\t<h2 class=\"elementor-heading-title elementor-size-default\">2. Objeto<\/h2>\t\t\t\t<\/div>\n\t\t\t\t<\/div>\n\t\t\t\t<div class=\"elementor-element elementor-element-ecaae59 elementor-widget elementor-widget-text-editor\" data-id=\"ecaae59\" data-element_type=\"widget\" data-e-type=\"widget\" data-widget_type=\"text-editor.default\">\n\t\t\t\t<div class=\"elementor-widget-container\">\n\t\t\t\t\t\t\t\t\t<p><span style=\"font-weight: 400;\">Este Aviso Legal regula las condiciones generales de acceso y uso del sitio web (en adelante, el \u201cSitio Web\u201d), que el titular pone a disposici\u00f3n de los usuarios de Internet con el objetivo de informar sobre los servicios, actividades y contenidos relacionados con su actividad profesional.<\/span><\/p><p><span style=\"font-weight: 400;\">El acceso y uso del Sitio Web implica la aceptaci\u00f3n plena y sin reservas de todas las disposiciones incluidas en este Aviso Legal. Si no aceptas estas condiciones, te instamos a no utilizar el Sitio Web. <\/span><\/p>\t\t\t\t\t\t\t\t<\/div>\n\t\t\t\t<\/div>\n\t\t\t\t<div class=\"elementor-element elementor-element-4f89cde elementor-widget elementor-widget-heading\" data-id=\"4f89cde\" data-element_type=\"widget\" data-e-type=\"widget\" data-widget_type=\"heading.default\">\n\t\t\t\t<div class=\"elementor-widget-container\">\n\t\t\t\t\t<h2 class=\"elementor-heading-title elementor-size-default\">3. Condiciones de uso<\/h2>\t\t\t\t<\/div>\n\t\t\t\t<\/div>\n\t\t\t\t<div class=\"elementor-element elementor-element-f2cb5f4 elementor-widget elementor-widget-text-editor\" data-id=\"f2cb5f4\" data-element_type=\"widget\" data-e-type=\"widget\" data-widget_type=\"text-editor.default\">\n\t\t\t\t<div class=\"elementor-widget-container\">\n\t\t\t\t\t\t\t\t\t<p><span style=\"font-weight: 400;\">El usuario se compromete a hacer un uso adecuado de los contenidos y servicios del Sitio Web y a no utilizarlos para actividades il\u00edcitas o contrarias a la buena fe y al orden p\u00fablico.<\/span><\/p><p><span style=\"font-weight: 400;\">Quedan prohibidas las siguientes acciones:<\/span><\/p><p><span style=\"font-weight: 400;\">Utilizar el Sitio Web para fines fraudulentos o da\u00f1inos.<\/span><\/p><p><span style=\"font-weight: 400;\">Introducir virus o cualquier otro malware que pueda perjudicar el funcionamiento del Sitio Web.<\/span><\/p><p><span style=\"font-weight: 400;\">Realizar acciones que puedan da\u00f1ar la imagen, intereses o derechos del titular o de terceros.<\/span><\/p>\t\t\t\t\t\t\t\t<\/div>\n\t\t\t\t<\/div>\n\t\t\t\t<div class=\"elementor-element elementor-element-994cbe3 elementor-widget elementor-widget-heading\" data-id=\"994cbe3\" data-element_type=\"widget\" data-e-type=\"widget\" data-widget_type=\"heading.default\">\n\t\t\t\t<div class=\"elementor-widget-container\">\n\t\t\t\t\t<h2 class=\"elementor-heading-title elementor-size-default\">4. Propiedad intelectual e industrial<\/h2>\t\t\t\t<\/div>\n\t\t\t\t<\/div>\n\t\t\t\t<div class=\"elementor-element elementor-element-41c9628 elementor-widget elementor-widget-text-editor\" data-id=\"41c9628\" data-element_type=\"widget\" data-e-type=\"widget\" data-widget_type=\"text-editor.default\">\n\t\t\t\t<div class=\"elementor-widget-container\">\n\t\t\t\t\t\t\t\t\t<p><span style=\"font-weight: 400;\">Los contenidos del Sitio Web (textos, im\u00e1genes*, gr\u00e1ficos, logotipos, dise\u00f1os, software, etc.) est\u00e1n protegidos por la normativa vigente en materia de propiedad intelectual e industrial.<\/span><\/p><p><span style=\"font-weight: 400;\">Titularidad: Los derechos de propiedad intelectual sobre el contenido del Sitio Web pertenecen exclusivamente a Carme V\u00e9lez Casellas o a sus leg\u00edtimos titulares, y no se transfiere ning\u00fan derecho de uso o explotaci\u00f3n m\u00e1s all\u00e1 de lo que sea estrictamente necesario para el correcto uso del Sitio Web.<\/span><\/p><p><span style=\"font-weight: 400;\">Uso prohibido: Est\u00e1 prohibido reproducir, distribuir, transformar o comunicar p\u00fablicamente el contenido del Sitio Web sin la previa y expresa autorizaci\u00f3n del titular.<\/span><\/p>\t\t\t\t\t\t\t\t<\/div>\n\t\t\t\t<\/div>\n\t\t\t\t<div class=\"elementor-element elementor-element-e55af6f elementor-widget elementor-widget-heading\" data-id=\"e55af6f\" data-element_type=\"widget\" data-e-type=\"widget\" data-widget_type=\"heading.default\">\n\t\t\t\t<div class=\"elementor-widget-container\">\n\t\t\t\t\t<h2 class=\"elementor-heading-title elementor-size-default\">5. Responsabilidades<\/h2>\t\t\t\t<\/div>\n\t\t\t\t<\/div>\n\t\t\t\t<div class=\"elementor-element elementor-element-ba19730 elementor-widget elementor-widget-text-editor\" data-id=\"ba19730\" data-element_type=\"widget\" data-e-type=\"widget\" data-widget_type=\"text-editor.default\">\n\t\t\t\t<div class=\"elementor-widget-container\">\n\t\t\t\t\t\t\t\t\t<p><span style=\"font-weight: 400;\">Disponibilidad del servicio: El titular no garantiza la disponibilidad permanente del Sitio Web ni la inexistencia de errores en los contenidos, pero se compromete a llevar a cabo las acciones necesarias para corregirlos o solucionarlos lo antes posible.<\/span><\/p><p><span style=\"font-weight: 400;\">Uso por parte del usuario: El usuario es el \u00fanico responsable del uso que haga del Sitio Web y de cualquier informaci\u00f3n o contenido que proporcione.<\/span><\/p>\t\t\t\t\t\t\t\t<\/div>\n\t\t\t\t<\/div>\n\t\t\t\t<div class=\"elementor-element elementor-element-1567cc2 elementor-widget elementor-widget-heading\" data-id=\"1567cc2\" data-element_type=\"widget\" data-e-type=\"widget\" data-widget_type=\"heading.default\">\n\t\t\t\t<div class=\"elementor-widget-container\">\n\t\t\t\t\t<h2 class=\"elementor-heading-title elementor-size-default\">6. Legislaci\u00f3n aplicable y jurisdicci\u00f3n<\/h2>\t\t\t\t<\/div>\n\t\t\t\t<\/div>\n\t\t\t\t<div class=\"elementor-element elementor-element-5b7c812 elementor-widget elementor-widget-text-editor\" data-id=\"5b7c812\" data-element_type=\"widget\" data-e-type=\"widget\" data-widget_type=\"text-editor.default\">\n\t\t\t\t<div class=\"elementor-widget-container\">\n\t\t\t\t\t\t\t\t\t<p><span style=\"font-weight: 400;\">Este Aviso Legal se rige por la legislaci\u00f3n espa\u00f1ola. Para cualquier controversia, las partes se someten a los juzgados y tribunales de Gerona. <\/span><\/p>\t\t\t\t\t\t\t\t<\/div>\n\t\t\t\t<\/div>\n\t\t\t\t<div class=\"elementor-element elementor-element-efa082a elementor-widget elementor-widget-heading\" data-id=\"efa082a\" data-element_type=\"widget\" data-e-type=\"widget\" data-widget_type=\"heading.default\">\n\t\t\t\t<div class=\"elementor-widget-container\">\n\t\t\t\t\t<h2 class=\"elementor-heading-title elementor-size-default\">7. Im\u00e1genes<\/h2>\t\t\t\t<\/div>\n\t\t\t\t<\/div>\n\t\t\t\t<div class=\"elementor-element elementor-element-1ff0a41 elementor-widget elementor-widget-text-editor\" data-id=\"1ff0a41\" data-element_type=\"widget\" data-e-type=\"widget\" data-widget_type=\"text-editor.default\">\n\t\t\t\t<div class=\"elementor-widget-container\">\n\t\t\t\t\t\t\t\t\t<p><span style=\"font-weight: 400;\">A continuaci\u00f3n se detallan los cr\u00e9ditos de las fotograf\u00edas utilizadas en este sitio web:<\/span><\/p><p><span style=\"font-weight: 400;\">P\u00e1gina de inicio (imagen de costa): Playa de St. Pol, Sant Feliu de Gu\u00edxols \/ \u00a9 \u00d2scar Vall \/ Archivo Im\u00e1genes PTCBG.<\/span><\/p><p><span style=\"font-weight: 400;\">P\u00e1gina de perfil (imagen de setas): Campdev\u00e0nol \/ \u00a9 Toni Vilches \/ Archivo Im\u00e1genes-PTCBG.<\/span><\/p><p><span style=\"font-weight: 400;\">P\u00e1gina de perfil (imagen de persona caminando): Campdev\u00e0nol \/ \u00a9 Toni Vilches \/ Archivo-Im\u00e1genes PTCBG.<\/span><\/p><p><span style=\"font-weight: 400;\">P\u00e1gina de perfil (imagen de casas): Girona \/ \u00a9 Anna Pla Narbona \/ Archivo Im\u00e1genes PTCBG.<\/span><\/p><p><span style=\"font-weight: 400;\">P\u00e1gina de perfil (imagen de abejas): Casavells \/ \u00a9 Kris Ubach \/ Archivo Im\u00e1genes PTCBG.<\/span><\/p><p><span style=\"font-weight: 400;\">P\u00e1gina de Servicios (imagen de fiesta popular): Girona \/ \u00a9 David Borrat \/ Archivo Im\u00e1genes PTCBG.<\/span><\/p><p><span style=\"font-weight: 400;\">P\u00e1gina de Servicios (imagen de ciclista): \u00a9 Daniel Hughes \/ Archivo Im\u00e1genes PTCBG.<\/span><\/p><p><span style=\"font-weight: 400;\">P\u00e1gina de Servicios (imagen de costa): \u00a9 Jack Redgate \/ Pexels.<\/span><\/p>\t\t\t\t\t\t\t\t<\/div>\n\t\t\t\t<\/div>\n\t\t\t\t\t<\/div>\n\t\t\t\t<\/div>\n\t\t\t\t<\/div>\n\t\t","protected":false},"excerpt":{"rendered":"<p>P\u00e1gina de aviso legal de la web de Carme V\u00e9lez<\/p>\n","protected":false},"author":3,"featured_media":811,"parent":0,"menu_order":0,"comment_status":"closed","ping_status":"closed","template":"","meta":{"footnotes":""},"class_list":["post-1480","page","type-page","status-publish","has-post-thumbnail","hentry"],"yoast_head":"<!-- This site is optimized with the Yoast SEO plugin v27.4 - https:\/\/yoast.com\/product\/yoast-seo-wordpress\/ -->\n<title>Aviso Legal - Carme Velez<\/title>\n<meta name=\"robots\" content=\"index, follow, max-snippet:-1, max-image-preview:large, max-video-preview:-1\" \/>\n<link rel=\"canonical\" href=\"https:\/\/carmevelez.com\/es\/aviso-legal\/\" \/>\n<meta property=\"og:locale\" content=\"es_ES\" \/>\n<meta property=\"og:type\" content=\"article\" \/>\n<meta property=\"og:title\" content=\"Aviso Legal - Carme Velez\" \/>\n<meta property=\"og:description\" content=\"P\u00e1gina de aviso legal de la web de Carme V\u00e9lez\" \/>\n<meta property=\"og:url\" content=\"https:\/\/carmevelez.com\/es\/aviso-legal\/\" \/>\n<meta property=\"og:site_name\" content=\"Carme Velez\" \/>\n<meta property=\"article:modified_time\" content=\"2025-07-28T08:57:55+00:00\" \/>\n<meta property=\"og:image\" content=\"https:\/\/carmevelez.com\/wp-content\/uploads\/2024\/12\/img-projectes-interior-lorem-ipsum.jpg\" \/>\n\t<meta property=\"og:image:width\" content=\"463\" \/>\n\t<meta property=\"og:image:height\" content=\"296\" \/>\n\t<meta property=\"og:image:type\" content=\"image\/jpeg\" \/>\n<meta name=\"twitter:card\" content=\"summary_large_image\" \/>\n<meta name=\"twitter:label1\" content=\"Tiempo de lectura\" \/>\n\t<meta name=\"twitter:data1\" content=\"3 minutos\" \/>\n<script type=\"application\/ld+json\" class=\"yoast-schema-graph\">{\"@context\":\"https:\\\/\\\/schema.org\",\"@graph\":[{\"@type\":\"WebPage\",\"@id\":\"https:\\\/\\\/carmevelez.com\\\/es\\\/aviso-legal\\\/\",\"url\":\"https:\\\/\\\/carmevelez.com\\\/es\\\/aviso-legal\\\/\",\"name\":\"Aviso Legal - Carme Velez\",\"isPartOf\":{\"@id\":\"https:\\\/\\\/carmevelez.com\\\/es\\\/#website\"},\"primaryImageOfPage\":{\"@id\":\"https:\\\/\\\/carmevelez.com\\\/es\\\/aviso-legal\\\/#primaryimage\"},\"image\":{\"@id\":\"https:\\\/\\\/carmevelez.com\\\/es\\\/aviso-legal\\\/#primaryimage\"},\"thumbnailUrl\":\"https:\\\/\\\/carmevelez.com\\\/wp-content\\\/uploads\\\/2024\\\/12\\\/img-projectes-interior-lorem-ipsum.jpg\",\"datePublished\":\"2025-01-27T20:09:07+00:00\",\"dateModified\":\"2025-07-28T08:57:55+00:00\",\"breadcrumb\":{\"@id\":\"https:\\\/\\\/carmevelez.com\\\/es\\\/aviso-legal\\\/#breadcrumb\"},\"inLanguage\":\"es\",\"potentialAction\":[{\"@type\":\"ReadAction\",\"target\":[\"https:\\\/\\\/carmevelez.com\\\/es\\\/aviso-legal\\\/\"]}]},{\"@type\":\"ImageObject\",\"inLanguage\":\"es\",\"@id\":\"https:\\\/\\\/carmevelez.com\\\/es\\\/aviso-legal\\\/#primaryimage\",\"url\":\"https:\\\/\\\/carmevelez.com\\\/wp-content\\\/uploads\\\/2024\\\/12\\\/img-projectes-interior-lorem-ipsum.jpg\",\"contentUrl\":\"https:\\\/\\\/carmevelez.com\\\/wp-content\\\/uploads\\\/2024\\\/12\\\/img-projectes-interior-lorem-ipsum.jpg\",\"width\":463,\"height\":296},{\"@type\":\"BreadcrumbList\",\"@id\":\"https:\\\/\\\/carmevelez.com\\\/es\\\/aviso-legal\\\/#breadcrumb\",\"itemListElement\":[{\"@type\":\"ListItem\",\"position\":1,\"name\":\"Inici\",\"item\":\"https:\\\/\\\/carmevelez.com\\\/es\\\/\"},{\"@type\":\"ListItem\",\"position\":2,\"name\":\"Aviso Legal\"}]},{\"@type\":\"WebSite\",\"@id\":\"https:\\\/\\\/carmevelez.com\\\/es\\\/#website\",\"url\":\"https:\\\/\\\/carmevelez.com\\\/es\\\/\",\"name\":\"Carme Velez\",\"description\":\"\",\"potentialAction\":[{\"@type\":\"SearchAction\",\"target\":{\"@type\":\"EntryPoint\",\"urlTemplate\":\"https:\\\/\\\/carmevelez.com\\\/es\\\/?s={search_term_string}\"},\"query-input\":{\"@type\":\"PropertyValueSpecification\",\"valueRequired\":true,\"valueName\":\"search_term_string\"}}],\"inLanguage\":\"es\"}]}<\/script>\n<!-- \/ Yoast SEO plugin. -->","yoast_head_json":{"title":"Aviso Legal - Carme Velez","robots":{"index":"index","follow":"follow","max-snippet":"max-snippet:-1","max-image-preview":"max-image-preview:large","max-video-preview":"max-video-preview:-1"},"canonical":"https:\/\/carmevelez.com\/es\/aviso-legal\/","og_locale":"es_ES","og_type":"article","og_title":"Aviso Legal - Carme Velez","og_description":"P\u00e1gina de aviso legal de la web de Carme V\u00e9lez","og_url":"https:\/\/carmevelez.com\/es\/aviso-legal\/","og_site_name":"Carme Velez","article_modified_time":"2025-07-28T08:57:55+00:00","og_image":[{"width":463,"height":296,"url":"https:\/\/carmevelez.com\/wp-content\/uploads\/2024\/12\/img-projectes-interior-lorem-ipsum.jpg","type":"image\/jpeg"}],"twitter_card":"summary_large_image","twitter_misc":{"Tiempo de lectura":"3 minutos"},"schema":{"@context":"https:\/\/schema.org","@graph":[{"@type":"WebPage","@id":"https:\/\/carmevelez.com\/es\/aviso-legal\/","url":"https:\/\/carmevelez.com\/es\/aviso-legal\/","name":"Aviso Legal - Carme Velez","isPartOf":{"@id":"https:\/\/carmevelez.com\/es\/#website"},"primaryImageOfPage":{"@id":"https:\/\/carmevelez.com\/es\/aviso-legal\/#primaryimage"},"image":{"@id":"https:\/\/carmevelez.com\/es\/aviso-legal\/#primaryimage"},"thumbnailUrl":"https:\/\/carmevelez.com\/wp-content\/uploads\/2024\/12\/img-projectes-interior-lorem-ipsum.jpg","datePublished":"2025-01-27T20:09:07+00:00","dateModified":"2025-07-28T08:57:55+00:00","breadcrumb":{"@id":"https:\/\/carmevelez.com\/es\/aviso-legal\/#breadcrumb"},"inLanguage":"es","potentialAction":[{"@type":"ReadAction","target":["https:\/\/carmevelez.com\/es\/aviso-legal\/"]}]},{"@type":"ImageObject","inLanguage":"es","@id":"https:\/\/carmevelez.com\/es\/aviso-legal\/#primaryimage","url":"https:\/\/carmevelez.com\/wp-content\/uploads\/2024\/12\/img-projectes-interior-lorem-ipsum.jpg","contentUrl":"https:\/\/carmevelez.com\/wp-content\/uploads\/2024\/12\/img-projectes-interior-lorem-ipsum.jpg","width":463,"height":296},{"@type":"BreadcrumbList","@id":"https:\/\/carmevelez.com\/es\/aviso-legal\/#breadcrumb","itemListElement":[{"@type":"ListItem","position":1,"name":"Inici","item":"https:\/\/carmevelez.com\/es\/"},{"@type":"ListItem","position":2,"name":"Aviso Legal"}]},{"@type":"WebSite","@id":"https:\/\/carmevelez.com\/es\/#website","url":"https:\/\/carmevelez.com\/es\/","name":"Carme Velez","description":"","potentialAction":[{"@type":"SearchAction","target":{"@type":"EntryPoint","urlTemplate":"https:\/\/carmevelez.com\/es\/?s={search_term_string}"},"query-input":{"@type":"PropertyValueSpecification","valueRequired":true,"valueName":"search_term_string"}}],"inLanguage":"es"}]}},"_links":{"self":[{"href":"https:\/\/carmevelez.com\/es\/wp-json\/wp\/v2\/pages\/1480","targetHints":{"allow":["GET"]}}],"collection":[{"href":"https:\/\/carmevelez.com\/es\/wp-json\/wp\/v2\/pages"}],"about":[{"href":"https:\/\/carmevelez.com\/es\/wp-json\/wp\/v2\/types\/page"}],"author":[{"embeddable":true,"href":"https:\/\/carmevelez.com\/es\/wp-json\/wp\/v2\/users\/3"}],"replies":[{"embeddable":true,"href":"https:\/\/carmevelez.com\/es\/wp-json\/wp\/v2\/comments?post=1480"}],"version-history":[{"count":6,"href":"https:\/\/carmevelez.com\/es\/wp-json\/wp\/v2\/pages\/1480\/revisions"}],"predecessor-version":[{"id":2201,"href":"https:\/\/carmevelez.com\/es\/wp-json\/wp\/v2\/pages\/1480\/revisions\/2201"}],"wp:featuredmedia":[{"embeddable":true,"href":"https:\/\/carmevelez.com\/es\/wp-json\/wp\/v2\/media\/811"}],"wp:attachment":[{"href":"https:\/\/carmevelez.com\/es\/wp-json\/wp\/v2\/media?parent=1480"}],"curies":[{"name":"wp","href":"https:\/\/api.w.org\/{rel}","templated":true}]}}