{"id":1488,"date":"2025-01-20T22:36:03","date_gmt":"2025-01-20T22:36:03","guid":{"rendered":"https:\/empresas\/"},"modified":"2025-07-28T09:27:46","modified_gmt":"2025-07-28T09:27:46","slug":"empresas","status":"publish","type":"page","link":"https:\/\/carmevelez.com\/es\/empresas\/","title":{"rendered":"Empresas"},"content":{"rendered":"\t\t<div data-elementor-type=\"wp-page\" data-elementor-id=\"1488\" class=\"elementor elementor-1488 elementor-262\" data-elementor-post-type=\"page\">\n\t\t\t\t<div class=\"elementor-element elementor-element-84c3b55 e-flex e-con-boxed e-con e-parent\" data-id=\"84c3b55\" data-element_type=\"container\" data-e-type=\"container\" data-settings=\"{&quot;background_background&quot;:&quot;gradient&quot;,&quot;shape_divider_bottom&quot;:&quot;tilt&quot;}\">\n\t\t\t\t\t<div class=\"e-con-inner\">\n\t\t\t\t<div class=\"elementor-shape elementor-shape-bottom\" aria-hidden=\"true\" data-negative=\"false\">\n\t\t\t<svg xmlns=\"http:\/\/www.w3.org\/2000\/svg\" viewBox=\"0 0 1000 100\" preserveAspectRatio=\"none\">\n\t<path class=\"elementor-shape-fill\" d=\"M0,6V0h1000v100L0,6z\"\/>\n<\/svg>\t\t<\/div>\n\t\t\t\t<div class=\"elementor-element elementor-element-652cf1d elementor-widget__width-initial elementor-widget-tablet__width-initial elementor-widget-mobile__width-initial elementor-widget elementor-widget-heading\" data-id=\"652cf1d\" data-element_type=\"widget\" data-e-type=\"widget\" data-widget_type=\"heading.default\">\n\t\t\t\t<div class=\"elementor-widget-container\">\n\t\t\t\t\t<h1 class=\"elementor-heading-title elementor-size-default\">Adapta tus servicios a las nuevas\n tendencias de la demanda<\/h1>\t\t\t\t<\/div>\n\t\t\t\t<\/div>\n\t\t\t\t\t<\/div>\n\t\t\t\t<\/div>\n\t\t<div class=\"elementor-element elementor-element-ff6ade1 e-flex e-con-boxed e-con e-parent\" data-id=\"ff6ade1\" data-element_type=\"container\" data-e-type=\"container\" data-settings=\"{&quot;background_background&quot;:&quot;classic&quot;,&quot;shape_divider_bottom&quot;:&quot;tilt&quot;}\">\n\t\t\t\t\t<div class=\"e-con-inner\">\n\t\t\t\t<div class=\"elementor-shape elementor-shape-bottom\" aria-hidden=\"true\" data-negative=\"false\">\n\t\t\t<svg xmlns=\"http:\/\/www.w3.org\/2000\/svg\" viewBox=\"0 0 1000 100\" preserveAspectRatio=\"none\">\n\t<path class=\"elementor-shape-fill\" d=\"M0,6V0h1000v100L0,6z\"\/>\n<\/svg>\t\t<\/div>\n\t\t<div class=\"elementor-element elementor-element-1bce78e e-con-full e-flex e-con e-child\" data-id=\"1bce78e\" data-element_type=\"container\" data-e-type=\"container\">\n\t\t\t\t<div class=\"elementor-element elementor-element-1755f5e elementor-widget elementor-widget-image\" data-id=\"1755f5e\" data-element_type=\"widget\" data-e-type=\"widget\" data-widget_type=\"image.default\">\n\t\t\t\t<div class=\"elementor-widget-container\">\n\t\t\t\t\t\t\t\t\t\t\t\t\t\t\t<img fetchpriority=\"high\" decoding=\"async\" width=\"699\" height=\"1024\" src=\"https:\/\/carmevelez.com\/wp-content\/uploads\/2025\/02\/cv-img-010-b-699x1024.jpg\" class=\"attachment-large size-large wp-image-1421\" alt=\"\" srcset=\"https:\/\/carmevelez.com\/wp-content\/uploads\/2025\/02\/cv-img-010-b-699x1024.jpg 699w, https:\/\/carmevelez.com\/wp-content\/uploads\/2025\/02\/cv-img-010-b-205x300.jpg 205w, https:\/\/carmevelez.com\/wp-content\/uploads\/2025\/02\/cv-img-010-b-768x1126.jpg 768w, https:\/\/carmevelez.com\/wp-content\/uploads\/2025\/02\/cv-img-010-b.jpg 816w\" sizes=\"(max-width: 699px) 100vw, 699px\" \/>\t\t\t\t\t\t\t\t\t\t\t\t\t\t\t<\/div>\n\t\t\t\t<\/div>\n\t\t\t\t<\/div>\n\t\t<div class=\"elementor-element elementor-element-4bcaf08 e-con-full e-flex e-con e-child\" data-id=\"4bcaf08\" data-element_type=\"container\" data-e-type=\"container\">\n\t\t\t\t<div class=\"elementor-element elementor-element-0d46e2a elementor-widget elementor-widget-heading\" data-id=\"0d46e2a\" data-element_type=\"widget\" data-e-type=\"widget\" data-widget_type=\"heading.default\">\n\t\t\t\t<div class=\"elementor-widget-container\">\n\t\t\t\t\t<h2 class=\"elementor-heading-title elementor-size-default\">Empresas<\/h2>\t\t\t\t<\/div>\n\t\t\t\t<\/div>\n\t\t\t\t<div class=\"elementor-element elementor-element-f8d1457 elementor-widget elementor-widget-text-editor\" data-id=\"f8d1457\" data-element_type=\"widget\" data-e-type=\"widget\" data-widget_type=\"text-editor.default\">\n\t\t\t\t<div class=\"elementor-widget-container\">\n\t\t\t\t\t\t\t\t\t<p>An\u00e1lisis de situaci\u00f3n y asesoramiento personalizado a PYMES en todo el proceso, desde la fase estrat\u00e9gica a la operativa, para:<\/p>\t\t\t\t\t\t\t\t<\/div>\n\t\t\t\t<\/div>\n\t\t\t\t<div class=\"elementor-element elementor-element-0b47425 elementor-widget elementor-widget-text-editor\" data-id=\"0b47425\" data-element_type=\"widget\" data-e-type=\"widget\" data-widget_type=\"text-editor.default\">\n\t\t\t\t<div class=\"elementor-widget-container\">\n\t\t\t\t\t\t\t\t\t<p>Conseguir un <strong>nuevo impulso en la gesti\u00f3n del negocio<\/strong>, la promoci\u00f3n o la creaci\u00f3n de experiencias.<\/p><p>Mejorar integralmente la sostenibilidad de la empresa y sus productos.<\/p><p>Orientar servicios para crear una oferta espec\u00edfica y <strong>atraer a nuevos segmentos<\/strong> de la demanda.<\/p><p>Acompa\u00f1amiento en el <strong>proceso de adhesi\u00f3n a certificaciones<\/strong> de calidad, sostenibilidad o especializaci\u00f3n.<\/p>\t\t\t\t\t\t\t\t<\/div>\n\t\t\t\t<\/div>\n\t\t<div class=\"elementor-element elementor-element-7e2537b e-con-full e-flex e-con e-child\" data-id=\"7e2537b\" data-element_type=\"container\" data-e-type=\"container\" data-settings=\"{&quot;background_background&quot;:&quot;classic&quot;}\">\n\t\t\t\t<div class=\"elementor-element elementor-element-a9bf9cd elementor-widget elementor-widget-text-editor\" data-id=\"a9bf9cd\" data-element_type=\"widget\" data-e-type=\"widget\" data-widget_type=\"text-editor.default\">\n\t\t\t\t<div class=\"elementor-widget-container\">\n\t\t\t\t\t\t\t\t\t<p>Compromiso, implicaci\u00f3n, visi\u00f3n empresarial, capacidad de an\u00e1lisis y esfuerzo para mantenernos al d\u00eda con las nuevas tendencias de la demanda, son los elementos que nos caracterizan profesionalmente.<\/p><p>Contamos con amplia experiencia en la empresa privada, especialmente en la creaci\u00f3n y comercializaci\u00f3n de productos tur\u00edsticos.<\/p>\t\t\t\t\t\t\t\t<\/div>\n\t\t\t\t<\/div>\n\t\t\t\t<\/div>\n\t\t\t\t<div class=\"elementor-element elementor-element-6c39da7 elementor-widget-divider--view-line elementor-widget elementor-widget-divider\" data-id=\"6c39da7\" data-element_type=\"widget\" data-e-type=\"widget\" data-widget_type=\"divider.default\">\n\t\t\t\t<div class=\"elementor-widget-container\">\n\t\t\t\t\t\t\t<div class=\"elementor-divider\">\n\t\t\t<span class=\"elementor-divider-separator\">\n\t\t\t\t\t\t<\/span>\n\t\t<\/div>\n\t\t\t\t\t\t<\/div>\n\t\t\t\t<\/div>\n\t\t\t\t<div class=\"elementor-element elementor-element-022ac58 elementor-widget elementor-widget-text-editor\" data-id=\"022ac58\" data-element_type=\"widget\" data-e-type=\"widget\" data-widget_type=\"text-editor.default\">\n\t\t\t\t<div class=\"elementor-widget-container\">\n\t\t\t\t\t\t\t\t\t<p>Descubre otros servicios<\/p>\t\t\t\t\t\t\t\t<\/div>\n\t\t\t\t<\/div>\n\t\t<div class=\"elementor-element elementor-element-5e84246 e-con-full e-flex e-con e-child\" data-id=\"5e84246\" data-element_type=\"container\" data-e-type=\"container\">\n\t\t\t\t<div class=\"elementor-element elementor-element-23db22a elementor-widget elementor-widget-button\" data-id=\"23db22a\" data-element_type=\"widget\" data-e-type=\"widget\" data-widget_type=\"button.default\">\n\t\t\t\t<div class=\"elementor-widget-container\">\n\t\t\t\t\t\t\t\t\t<div class=\"elementor-button-wrapper\">\n\t\t\t\t\t<a class=\"elementor-button elementor-button-link elementor-size-sm\" href=\"https:\/\/carmevelez.com\/es\/espacios-naturales-protegidos\/\">\n\t\t\t\t\t\t<span class=\"elementor-button-content-wrapper\">\n\t\t\t\t\t\t\t\t\t<span class=\"elementor-button-text\">Espacios naturales protegidos<\/span>\n\t\t\t\t\t<\/span>\n\t\t\t\t\t<\/a>\n\t\t\t\t<\/div>\n\t\t\t\t\t\t\t\t<\/div>\n\t\t\t\t<\/div>\n\t\t\t\t<div class=\"elementor-element elementor-element-8701cd3 elementor-widget elementor-widget-button\" data-id=\"8701cd3\" data-element_type=\"widget\" data-e-type=\"widget\" data-widget_type=\"button.default\">\n\t\t\t\t<div class=\"elementor-widget-container\">\n\t\t\t\t\t\t\t\t\t<div class=\"elementor-button-wrapper\">\n\t\t\t\t\t<a class=\"elementor-button elementor-button-link elementor-size-sm\" href=\"https:\/\/carmevelez.com\/es\/destinos\/\">\n\t\t\t\t\t\t<span class=\"elementor-button-content-wrapper\">\n\t\t\t\t\t\t\t\t\t<span class=\"elementor-button-text\">Destinos<\/span>\n\t\t\t\t\t<\/span>\n\t\t\t\t\t<\/a>\n\t\t\t\t<\/div>\n\t\t\t\t\t\t\t\t<\/div>\n\t\t\t\t<\/div>\n\t\t\t\t<\/div>\n\t\t\t\t<\/div>\n\t\t\t\t\t<\/div>\n\t\t\t\t<\/div>\n\t\t\t\t<\/div>\n\t\t","protected":false},"excerpt":{"rendered":"<p>Asesoramos a tu empresa tur\u00edstica para adaptar tus servicios a las nuevas<br \/>\n tendencias de la demanda.<\/p>\n","protected":false},"author":3,"featured_media":1421,"parent":0,"menu_order":0,"comment_status":"closed","ping_status":"closed","template":"","meta":{"footnotes":""},"class_list":["post-1488","page","type-page","status-publish","has-post-thumbnail","hentry"],"yoast_head":"<!-- This site is optimized with the Yoast SEO plugin v27.4 - https:\/\/yoast.com\/product\/yoast-seo-wordpress\/ -->\n<title>Empresas - Carme Velez<\/title>\n<meta name=\"robots\" content=\"index, follow, max-snippet:-1, max-image-preview:large, max-video-preview:-1\" \/>\n<link rel=\"canonical\" href=\"https:\/\/carmevelez.com\/es\/empresas\/\" \/>\n<meta property=\"og:locale\" content=\"es_ES\" \/>\n<meta property=\"og:type\" content=\"article\" \/>\n<meta property=\"og:title\" content=\"Empresas - Carme Velez\" \/>\n<meta property=\"og:description\" content=\"Asesoramos a tu empresa tur\u00edstica para adaptar tus servicios a las nuevas tendencias de la demanda.\" \/>\n<meta property=\"og:url\" content=\"https:\/\/carmevelez.com\/es\/empresas\/\" \/>\n<meta property=\"og:site_name\" content=\"Carme Velez\" \/>\n<meta property=\"article:modified_time\" content=\"2025-07-28T09:27:46+00:00\" \/>\n<meta property=\"og:image\" content=\"https:\/\/carmevelez.com\/wp-content\/uploads\/2025\/02\/cv-img-010-b.jpg\" \/>\n\t<meta property=\"og:image:width\" content=\"816\" \/>\n\t<meta property=\"og:image:height\" content=\"1196\" \/>\n\t<meta property=\"og:image:type\" content=\"image\/jpeg\" \/>\n<meta name=\"twitter:card\" content=\"summary_large_image\" \/>\n<meta name=\"twitter:label1\" content=\"Tiempo de lectura\" \/>\n\t<meta name=\"twitter:data1\" content=\"1 minuto\" \/>\n<script type=\"application\/ld+json\" class=\"yoast-schema-graph\">{\"@context\":\"https:\\\/\\\/schema.org\",\"@graph\":[{\"@type\":\"WebPage\",\"@id\":\"https:\\\/\\\/carmevelez.com\\\/es\\\/empresas\\\/\",\"url\":\"https:\\\/\\\/carmevelez.com\\\/es\\\/empresas\\\/\",\"name\":\"Empresas - Carme Velez\",\"isPartOf\":{\"@id\":\"https:\\\/\\\/carmevelez.com\\\/es\\\/#website\"},\"primaryImageOfPage\":{\"@id\":\"https:\\\/\\\/carmevelez.com\\\/es\\\/empresas\\\/#primaryimage\"},\"image\":{\"@id\":\"https:\\\/\\\/carmevelez.com\\\/es\\\/empresas\\\/#primaryimage\"},\"thumbnailUrl\":\"https:\\\/\\\/carmevelez.com\\\/wp-content\\\/uploads\\\/2025\\\/02\\\/cv-img-010-b.jpg\",\"datePublished\":\"2025-01-20T22:36:03+00:00\",\"dateModified\":\"2025-07-28T09:27:46+00:00\",\"breadcrumb\":{\"@id\":\"https:\\\/\\\/carmevelez.com\\\/es\\\/empresas\\\/#breadcrumb\"},\"inLanguage\":\"es\",\"potentialAction\":[{\"@type\":\"ReadAction\",\"target\":[\"https:\\\/\\\/carmevelez.com\\\/es\\\/empresas\\\/\"]}]},{\"@type\":\"ImageObject\",\"inLanguage\":\"es\",\"@id\":\"https:\\\/\\\/carmevelez.com\\\/es\\\/empresas\\\/#primaryimage\",\"url\":\"https:\\\/\\\/carmevelez.com\\\/wp-content\\\/uploads\\\/2025\\\/02\\\/cv-img-010-b.jpg\",\"contentUrl\":\"https:\\\/\\\/carmevelez.com\\\/wp-content\\\/uploads\\\/2025\\\/02\\\/cv-img-010-b.jpg\",\"width\":816,\"height\":1196},{\"@type\":\"BreadcrumbList\",\"@id\":\"https:\\\/\\\/carmevelez.com\\\/es\\\/empresas\\\/#breadcrumb\",\"itemListElement\":[{\"@type\":\"ListItem\",\"position\":1,\"name\":\"Inici\",\"item\":\"https:\\\/\\\/carmevelez.com\\\/es\\\/\"},{\"@type\":\"ListItem\",\"position\":2,\"name\":\"Empresas\"}]},{\"@type\":\"WebSite\",\"@id\":\"https:\\\/\\\/carmevelez.com\\\/es\\\/#website\",\"url\":\"https:\\\/\\\/carmevelez.com\\\/es\\\/\",\"name\":\"Carme Velez\",\"description\":\"\",\"potentialAction\":[{\"@type\":\"SearchAction\",\"target\":{\"@type\":\"EntryPoint\",\"urlTemplate\":\"https:\\\/\\\/carmevelez.com\\\/es\\\/?s={search_term_string}\"},\"query-input\":{\"@type\":\"PropertyValueSpecification\",\"valueRequired\":true,\"valueName\":\"search_term_string\"}}],\"inLanguage\":\"es\"}]}<\/script>\n<!-- \/ Yoast SEO plugin. -->","yoast_head_json":{"title":"Empresas - Carme Velez","robots":{"index":"index","follow":"follow","max-snippet":"max-snippet:-1","max-image-preview":"max-image-preview:large","max-video-preview":"max-video-preview:-1"},"canonical":"https:\/\/carmevelez.com\/es\/empresas\/","og_locale":"es_ES","og_type":"article","og_title":"Empresas - Carme Velez","og_description":"Asesoramos a tu empresa tur\u00edstica para adaptar tus servicios a las nuevas tendencias de la demanda.","og_url":"https:\/\/carmevelez.com\/es\/empresas\/","og_site_name":"Carme Velez","article_modified_time":"2025-07-28T09:27:46+00:00","og_image":[{"width":816,"height":1196,"url":"https:\/\/carmevelez.com\/wp-content\/uploads\/2025\/02\/cv-img-010-b.jpg","type":"image\/jpeg"}],"twitter_card":"summary_large_image","twitter_misc":{"Tiempo de lectura":"1 minuto"},"schema":{"@context":"https:\/\/schema.org","@graph":[{"@type":"WebPage","@id":"https:\/\/carmevelez.com\/es\/empresas\/","url":"https:\/\/carmevelez.com\/es\/empresas\/","name":"Empresas - Carme Velez","isPartOf":{"@id":"https:\/\/carmevelez.com\/es\/#website"},"primaryImageOfPage":{"@id":"https:\/\/carmevelez.com\/es\/empresas\/#primaryimage"},"image":{"@id":"https:\/\/carmevelez.com\/es\/empresas\/#primaryimage"},"thumbnailUrl":"https:\/\/carmevelez.com\/wp-content\/uploads\/2025\/02\/cv-img-010-b.jpg","datePublished":"2025-01-20T22:36:03+00:00","dateModified":"2025-07-28T09:27:46+00:00","breadcrumb":{"@id":"https:\/\/carmevelez.com\/es\/empresas\/#breadcrumb"},"inLanguage":"es","potentialAction":[{"@type":"ReadAction","target":["https:\/\/carmevelez.com\/es\/empresas\/"]}]},{"@type":"ImageObject","inLanguage":"es","@id":"https:\/\/carmevelez.com\/es\/empresas\/#primaryimage","url":"https:\/\/carmevelez.com\/wp-content\/uploads\/2025\/02\/cv-img-010-b.jpg","contentUrl":"https:\/\/carmevelez.com\/wp-content\/uploads\/2025\/02\/cv-img-010-b.jpg","width":816,"height":1196},{"@type":"BreadcrumbList","@id":"https:\/\/carmevelez.com\/es\/empresas\/#breadcrumb","itemListElement":[{"@type":"ListItem","position":1,"name":"Inici","item":"https:\/\/carmevelez.com\/es\/"},{"@type":"ListItem","position":2,"name":"Empresas"}]},{"@type":"WebSite","@id":"https:\/\/carmevelez.com\/es\/#website","url":"https:\/\/carmevelez.com\/es\/","name":"Carme Velez","description":"","potentialAction":[{"@type":"SearchAction","target":{"@type":"EntryPoint","urlTemplate":"https:\/\/carmevelez.com\/es\/?s={search_term_string}"},"query-input":{"@type":"PropertyValueSpecification","valueRequired":true,"valueName":"search_term_string"}}],"inLanguage":"es"}]}},"_links":{"self":[{"href":"https:\/\/carmevelez.com\/es\/wp-json\/wp\/v2\/pages\/1488","targetHints":{"allow":["GET"]}}],"collection":[{"href":"https:\/\/carmevelez.com\/es\/wp-json\/wp\/v2\/pages"}],"about":[{"href":"https:\/\/carmevelez.com\/es\/wp-json\/wp\/v2\/types\/page"}],"author":[{"embeddable":true,"href":"https:\/\/carmevelez.com\/es\/wp-json\/wp\/v2\/users\/3"}],"replies":[{"embeddable":true,"href":"https:\/\/carmevelez.com\/es\/wp-json\/wp\/v2\/comments?post=1488"}],"version-history":[{"count":11,"href":"https:\/\/carmevelez.com\/es\/wp-json\/wp\/v2\/pages\/1488\/revisions"}],"predecessor-version":[{"id":2223,"href":"https:\/\/carmevelez.com\/es\/wp-json\/wp\/v2\/pages\/1488\/revisions\/2223"}],"wp:featuredmedia":[{"embeddable":true,"href":"https:\/\/carmevelez.com\/es\/wp-json\/wp\/v2\/media\/1421"}],"wp:attachment":[{"href":"https:\/\/carmevelez.com\/es\/wp-json\/wp\/v2\/media?parent=1488"}],"curies":[{"name":"wp","href":"https:\/\/api.w.org\/{rel}","templated":true}]}}